{"id":2632,"date":"2024-04-24T13:14:55","date_gmt":"2024-04-24T17:14:55","guid":{"rendered":"http:\/\/www.oommbo.org\/comment-aider\/"},"modified":"2025-10-16T12:18:23","modified_gmt":"2025-10-16T16:18:23","slug":"comment-aider","status":"publish","type":"page","link":"https:\/\/www.oommbo.org\/fr\/comment-aider\/","title":{"rendered":"Comment Aider"},"content":{"rendered":"<p><div class=\"fusion-fullwidth fullwidth-box fusion-builder-row-1 fusion-flex-container has-pattern-background has-mask-background hundred-percent-fullwidth non-hundred-percent-height-scrolling\" style=\"--awb-border-radius-top-left:0px;--awb-border-radius-top-right:0px;--awb-border-radius-bottom-right:0px;--awb-border-radius-bottom-left:0px;--awb-padding-top:0px;--awb-padding-right:0px;--awb-padding-bottom:0px;--awb-padding-left:0px;--awb-margin-bottom:1em;--awb-margin-bottom-small:0px;--awb-min-height:318px;--awb-min-height-small:400px;--awb-background-image:linear-gradient(45deg, rgba(202,209,225,0.3) 0%,rgba(231,224,218,0.3) 65%);--awb-flex-wrap:wrap;\" ><div class=\"fusion-builder-row fusion-row fusion-flex-align-items-stretch fusion-flex-justify-content-space-between fusion-flex-content-wrap\" style=\"width:104% !important;max-width:104% !important;margin-left: calc(-4% \/ 2 );margin-right: calc(-4% \/ 2 );\"><div class=\"fusion-layout-column fusion_builder_column fusion-builder-column-0 fusion_builder_column_2_3 2_3 fusion-flex-column banner-text\" style=\"--awb-padding-top:3em;--awb-padding-bottom:1.5em;--awb-padding-left:15%;--awb-padding-top-small:1em;--awb-padding-bottom-small:1em;--awb-padding-left-small:30px;--awb-bg-color-small:var(--awb-color1);--awb-bg-size:cover;--awb-width-large:66.666666666667%;--awb-margin-top-large:0px;--awb-spacing-right-large:2.88%;--awb-margin-bottom-large:0px;--awb-spacing-left-large:2.88%;--awb-width-medium:66.666666666667%;--awb-order-medium:0;--awb-spacing-right-medium:2.88%;--awb-spacing-left-medium:2.88%;--awb-width-small:100%;--awb-order-small:2;--awb-spacing-right-small:1.92%;--awb-spacing-left-small:1.92%;\" data-scroll-devices=\"small-visibility,medium-visibility,large-visibility\"><div class=\"fusion-column-wrapper fusion-column-has-shadow fusion-flex-justify-content-flex-end fusion-content-layout-column\"><div class=\"fusion-title title fusion-title-1 fusion-sep-none fusion-title-text fusion-title-size-one\"><h1 class=\"fusion-title-heading title-heading-left fusion-responsive-typography-calculated\" style=\"margin:0;--fontSize:55;line-height:var(--awb-typography1-line-height);\">COMMENT AIDER<\/h1><\/div><\/div><\/div><div class=\"fusion-layout-column fusion_builder_column fusion-builder-column-1 fusion_builder_column_1_3 1_3 fusion-flex-column banner-bird\" style=\"--awb-padding-top:0px;--awb-padding-bottom:0px;--awb-bg-image:url(&#039;http:\/\/www.oommbo.org\/wp-content\/uploads\/2025\/03\/How-to-help-banner-1.svg&#039;);--awb-bg-size:cover;--awb-width-large:33.333333333333%;--awb-margin-top-large:0px;--awb-spacing-right-large:0px;--awb-margin-bottom-large:0px;--awb-spacing-left-large:5.76%;--awb-width-medium:33.333333333333%;--awb-order-medium:0;--awb-spacing-right-medium:0px;--awb-spacing-left-medium:5.76%;--awb-width-small:100%;--awb-order-small:1;--awb-spacing-right-small:1.92%;--awb-spacing-left-small:1.92%;\" data-scroll-devices=\"small-visibility,medium-visibility,large-visibility\"><div class=\"fusion-column-wrapper fusion-column-has-shadow fusion-flex-justify-content-flex-start fusion-content-layout-column fusion-empty-column-bg-image fusion-column-has-bg-image\" data-bg-url=\"http:\/\/www.oommbo.org\/wp-content\/uploads\/2025\/03\/How-to-help-banner-1.svg\"><img decoding=\"async\" class=\"fusion-empty-dims-img-placeholder fusion-no-large-visibility fusion-no-medium-visibility\" aria-label=\"How to help banner (1)\" src=\"data:image\/svg+xml,%3Csvg%20xmlns%3D%27http%3A%2F%2Fwww.w3.org%2F2000%2Fsvg%27%20width%3D%27618%27%20height%3D%27370%27%20viewBox%3D%270%200%20618%20370%27%3E%3Crect%20width%3D%27618%27%20height%3D%27370%27%20fill-opacity%3D%220%22%2F%3E%3C%2Fsvg%3E\"><\/div><\/div><\/div><\/div><div class=\"fusion-fullwidth fullwidth-box fusion-builder-row-2 fusion-flex-container has-pattern-background has-mask-background nonhundred-percent-fullwidth non-hundred-percent-height-scrolling\" style=\"--awb-border-radius-top-left:0px;--awb-border-radius-top-right:0px;--awb-border-radius-bottom-right:0px;--awb-border-radius-bottom-left:0px;--awb-padding-top:0px;--awb-padding-right:0px;--awb-padding-bottom:0px;--awb-padding-left:0px;--awb-margin-top:0px;--awb-margin-bottom:0px;--awb-background-color:var(--awb-color3);--awb-flex-wrap:wrap;\" ><div class=\"fusion-builder-row fusion-row fusion-flex-align-items-flex-start fusion-flex-content-wrap\" style=\"max-width:1248px;margin-left: calc(-4% \/ 2 );margin-right: calc(-4% \/ 2 );\"><div class=\"fusion-layout-column fusion_builder_column fusion-builder-column-2 fusion_builder_column_1_1 1_1 fusion-flex-column\" style=\"--awb-bg-size:cover;--awb-width-large:100%;--awb-margin-top-large:0px;--awb-spacing-right-large:1.92%;--awb-margin-bottom-large:0px;--awb-spacing-left-large:1.92%;--awb-width-medium:100%;--awb-order-medium:0;--awb-spacing-right-medium:1.92%;--awb-spacing-left-medium:1.92%;--awb-width-small:100%;--awb-order-small:0;--awb-spacing-right-small:1.92%;--awb-spacing-left-small:1.92%;\"><div class=\"fusion-column-wrapper fusion-column-has-shadow fusion-flex-justify-content-flex-start fusion-content-layout-column\"><nav class=\"awb-menu awb-menu_row awb-menu_em-hover mobile-mode-collapse-to-button awb-menu_icons-left awb-menu_dc-yes mobile-trigger-fullwidth-off awb-menu_mobile-toggle awb-menu_indent-left mobile-size-full-absolute loading mega-menu-loading awb-menu_desktop awb-menu_dropdown awb-menu_expand-right awb-menu_transition-fade submenu\" style=\"--awb-margin-top:0px;--awb-margin-bottom:0px;--awb-min-height:52px;--awb-bg:var(--awb-color3);--awb-gap:1px;--awb-items-padding-top:10px;--awb-items-padding-right:25px;--awb-items-padding-bottom:10px;--awb-items-padding-left:25px;--awb-border-color:var(--awb-color1);--awb-border-right:1px;--awb-color:var(--awb-color1);--awb-active-color:var(--awb-color1);--awb-active-bg:var(--awb-color6);--awb-active-border-right:1px;--awb-active-border-color:var(--awb-color1);--awb-main-justify-content:flex-start;--awb-mobile-justify:flex-start;--awb-mobile-caret-left:auto;--awb-mobile-caret-right:0;--awb-fusion-font-family-typography:&quot;EuclidCircularB-Regular&quot;;--awb-fusion-font-style-typography:normal;--awb-fusion-font-weight-typography:400;--awb-fusion-font-family-submenu-typography:inherit;--awb-fusion-font-style-submenu-typography:normal;--awb-fusion-font-weight-submenu-typography:400;--awb-fusion-font-family-mobile-typography:inherit;--awb-fusion-font-style-mobile-typography:normal;--awb-fusion-font-weight-mobile-typography:400;\" aria-label=\"How to Help\" data-breakpoint=\"0\" data-count=\"0\" data-transition-type=\"fade\" data-transition-time=\"300\" data-expand=\"right\"><ul id=\"menu-how-to-help-fr\" class=\"fusion-menu awb-menu__main-ul awb-menu__main-ul_row\"><li  id=\"menu-item-2700\"  class=\"menu-item menu-item-type-custom menu-item-object-custom menu-item-2700 awb-menu__li awb-menu__main-li awb-menu__main-li_regular\"  data-item-id=\"2700\"><span class=\"awb-menu__main-background-default awb-menu__main-background-default_fade\"><\/span><span class=\"awb-menu__main-background-active awb-menu__main-background-active_fade\"><\/span><a  href=\"#donation_general\" class=\"awb-menu__main-a awb-menu__main-a_regular\"><span class=\"menu-text\">Donation<\/span><\/a><\/li><li  id=\"menu-item-2701\"  class=\"menu-item menu-item-type-custom menu-item-object-custom menu-item-2701 awb-menu__li awb-menu__main-li awb-menu__main-li_regular\"  data-item-id=\"2701\"><span class=\"awb-menu__main-background-default awb-menu__main-background-default_fade\"><\/span><span class=\"awb-menu__main-background-active awb-menu__main-background-active_fade\"><\/span><a  href=\"#fundraising\" class=\"awb-menu__main-a awb-menu__main-a_regular\"><span class=\"menu-text\">Fundraising events<\/span><\/a><\/li><li  id=\"menu-item-2702\"  class=\"menu-item menu-item-type-custom menu-item-object-custom menu-item-2702 awb-menu__li awb-menu__main-li awb-menu__main-li_regular\"  data-item-id=\"2702\"><span class=\"awb-menu__main-background-default awb-menu__main-background-default_fade\"><\/span><span class=\"awb-menu__main-background-active awb-menu__main-background-active_fade\"><\/span><a  href=\"#volunteering\" class=\"awb-menu__main-a awb-menu__main-a_regular\"><span class=\"menu-text\">Volunteering<\/span><\/a><\/li><\/ul><\/nav><\/div><\/div><\/div><\/div><div class=\"fusion-fullwidth fullwidth-box fusion-builder-row-3 fusion-flex-container has-pattern-background has-mask-background nonhundred-percent-fullwidth non-hundred-percent-height-scrolling\" style=\"--awb-border-radius-top-left:0px;--awb-border-radius-top-right:0px;--awb-border-radius-bottom-right:0px;--awb-border-radius-bottom-left:0px;--awb-flex-wrap:wrap;\" id=\"donation_general\" ><div class=\"fusion-builder-row fusion-row fusion-flex-align-items-flex-start fusion-flex-content-wrap\" style=\"max-width:1344px;margin-left: calc(-12% \/ 2 );margin-right: calc(-12% \/ 2 );\"><div class=\"fusion-layout-column fusion_builder_column fusion-builder-column-3 fusion_builder_column_1_1 1_1 fusion-flex-column\" style=\"--awb-bg-size:cover;--awb-width-large:100%;--awb-margin-top-large:0px;--awb-spacing-right-large:5.28%;--awb-margin-bottom-large:2em;--awb-spacing-left-large:5.28%;--awb-width-medium:100%;--awb-order-medium:0;--awb-spacing-right-medium:5.28%;--awb-spacing-left-medium:5.28%;--awb-width-small:100%;--awb-order-small:0;--awb-spacing-right-small:5.28%;--awb-spacing-left-small:5.28%;\" data-scroll-devices=\"small-visibility,medium-visibility,large-visibility\"><div class=\"fusion-column-wrapper fusion-column-has-shadow fusion-flex-justify-content-flex-start fusion-content-layout-column\"><div class=\"fusion-title title fusion-title-2 fusion-sep-none fusion-title-text fusion-title-size-two\"><h2 class=\"fusion-title-heading title-heading-left fusion-responsive-typography-calculated\" style=\"margin:0;--fontSize:40;line-height:var(--awb-typography1-line-height);\">Faire un Don<\/h2><\/div><div class=\"fusion-text fusion-text-1\"><p>L&rsquo;OOM fait partie d&rsquo;un petit organisme de bienfaisance d\u00e9di\u00e9 \u00e0 l&rsquo;\u00e9tude des d\u00e9placements des oiseaux et \u00e0 leur conservation. Gr\u00e2ce \u00e0 vos dons, aux partenariats avec des entreprises, aux subventions et aux activit\u00e9s de collecte de fonds, nous pouvons poursuivre nos recherches sur la surveillance des migrations et les tendances des populations. Vos contribution nous aide \u00e0 recueillir des donn\u00e9es pr\u00e9cieuses pour mieux comprendre et prot\u00e9ger les populations d\u2019oiseaux. Merci de soutenir notre mission.<\/p>\n<p><strong>The Migration Research Foundation Inc. est un organisme de bienfaisance canadien enregistr\u00e9. Tous les dons sont d\u00e9ductibles d&rsquo;imp\u00f4t pour les r\u00e9sidents canadiens.<\/strong><\/p>\n<\/div><div ><a class=\"fusion-button button-flat fusion-button-default-size button-default fusion-button-default button-1 fusion-button-default-span fusion-button-default-type\" target=\"_self\" href=\"http:\/\/www.oommbo.org\/fr\/comment-aider\/donation\/\"><span class=\"fusion-button-text awb-button__text awb-button__text--default\">Mani\u00e8re de Donner<\/span><\/a><\/div><\/div><\/div><\/div><\/div><div class=\"fusion-fullwidth fullwidth-box fusion-builder-row-4 fusion-flex-container has-pattern-background has-mask-background nonhundred-percent-fullwidth non-hundred-percent-height-scrolling\" style=\"--awb-border-radius-top-left:0px;--awb-border-radius-top-right:0px;--awb-border-radius-bottom-right:0px;--awb-border-radius-bottom-left:0px;--awb-background-color:var(--awb-color3);--awb-flex-wrap:wrap;\" id=\"fundraising\" ><div class=\"fusion-builder-row fusion-row fusion-flex-align-items-flex-start fusion-flex-content-wrap\" style=\"max-width:1344px;margin-left: calc(-12% \/ 2 );margin-right: calc(-12% \/ 2 );\"><div class=\"fusion-layout-column fusion_builder_column fusion-builder-column-4 fusion_builder_column_1_1 1_1 fusion-flex-column\" style=\"--awb-bg-size:cover;--awb-width-large:100%;--awb-margin-top-large:0px;--awb-spacing-right-large:5.28%;--awb-margin-bottom-large:0px;--awb-spacing-left-large:5.28%;--awb-width-medium:100%;--awb-order-medium:0;--awb-spacing-right-medium:5.28%;--awb-spacing-left-medium:5.28%;--awb-width-small:100%;--awb-order-small:0;--awb-spacing-right-small:5.28%;--awb-spacing-left-small:5.28%;\"><div class=\"fusion-column-wrapper fusion-column-has-shadow fusion-flex-justify-content-flex-start fusion-content-layout-column\"><div class=\"fusion-title title fusion-title-3 fusion-sep-none fusion-title-text fusion-title-size-three\" style=\"--awb-text-color:var(--awb-color1);\"><h3 class=\"fusion-title-heading title-heading-left fusion-responsive-typography-calculated\" style=\"margin:0;--fontSize:35;line-height:var(--awb-typography1-line-height);\">\u00c9v\u00e8nement de Collecte de Fonds<\/h3><\/div><div class=\"fusion-text fusion-text-2\" style=\"--awb-content-alignment:left;\"><p>Tout au long de l&rsquo;ann\u00e9e, nous organisons des \u00e9v\u00e9nements de collecte de fonds afin de mobiliser la communaut\u00e9 et de soutenir nos activit\u00e9s. Participer \u00e0 ces \u00e9v\u00e9nements est un excellent moyen de soutenir la conservation des oiseaux tout en s&rsquo;amusant !<\/p>\n<p><strong>Restez \u00e0 l&rsquo;affut pour conna\u00eetre nos prochains \u00e9v\u00e9nements !<\/strong><\/p>\n<\/div><\/div><\/div><div class=\"fusion-layout-column fusion_builder_column fusion-builder-column-5 fusion_builder_column_3_5 3_5 fusion-flex-column presentation\" style=\"--awb-bg-size:cover;--awb-border-color:var(--awb-color6);--awb-border-color-hover:var(--awb-color3);--awb-border-top:0;--awb-border-right:0;--awb-border-bottom:0;--awb-border-left:0;--awb-border-style:solid;--awb-width-large:60%;--awb-margin-top-large:0px;--awb-spacing-right-large:8.8%;--awb-margin-bottom-large:4em;--awb-spacing-left-large:8.8%;--awb-width-medium:60%;--awb-order-medium:0;--awb-spacing-right-medium:8.8%;--awb-spacing-left-medium:8.8%;--awb-width-small:100%;--awb-order-small:0;--awb-spacing-right-small:2em;--awb-spacing-left-small:5.28%;\" data-scroll-devices=\"small-visibility,medium-visibility,large-visibility\"><div class=\"fusion-column-wrapper fusion-column-has-shadow fusion-flex-justify-content-flex-start fusion-content-layout-column\"><div class=\"fusion-text fusion-text-3\" style=\"--awb-content-alignment:left;\"><h5 style=\"--fontsize: 20; line-height: 1.2; --minfontsize: 20; color: var(--awb-color1); font-size: 22px;\" data-fusion-font=\"true\">Olympiques Ornithologiques de Montr\u00e9al<\/h5>\n<\/p>\n<p style=\"text-align: justify; color: var(--awb-color1);\">Rejoignez-nous le 10 mai 2025 et contribuez \u00e0 collecter des fonds pour notre organisation tout en profitant d&rsquo;une journ\u00e9e passionnante d&rsquo;observation des oiseaux !<\/p>\n<p><b style=\"color: var(--awb-color1);\">Formez votre \u00e9quipe et relevez le d\u00e9fi !<\/b><\/p>\n<\/div><div ><a class=\"fusion-button button-flat fusion-button-default-size button-custom fusion-button-default button-2 fusion-button-span-no fusion-button-default-type\" style=\"--button_accent_color:var(--awb-color6);--button_border_color:var(--awb-color6);--button_accent_hover_color:var(--awb-color3);--button_border_hover_color:var(--awb-color3);--button_border_width-top:0px;--button_border_width-right:0px;--button_border_width-bottom:2px;--button_border_width-left:0px;--button_gradient_top_color:rgba(196,196,196,0);--button_gradient_bottom_color:rgba(196,196,196,0);--button_gradient_top_color_hover:rgba(196,196,196,0);--button_gradient_bottom_color_hover:rgba(196,196,196,0);--button_padding-top:0px;--button_padding-right:0px;--button_padding-bottom:0px;--button_padding-left:0px;\" target=\"_self\" href=\"#\" data-toggle=\"modal\" data-target=\".fusion-modal.inquiry\"><span class=\"fusion-button-text awb-button__text awb-button__text--default\">En Savoir Plus<\/span><\/a><\/div><\/div><\/div><div class=\"fusion-layout-column fusion_builder_column fusion-builder-column-6 fusion_builder_column_2_5 2_5 fusion-flex-column presentation\" style=\"--awb-bg-size:cover;--awb-border-color:var(--awb-color6);--awb-border-color-hover:var(--awb-color3);--awb-border-top:0;--awb-border-right:0;--awb-border-bottom:0;--awb-border-left:0;--awb-border-style:solid;--awb-width-large:40%;--awb-margin-top-large:0px;--awb-spacing-right-large:13.2%;--awb-margin-bottom-large:4em;--awb-spacing-left-large:13.2%;--awb-width-medium:40%;--awb-order-medium:0;--awb-spacing-right-medium:13.2%;--awb-spacing-left-medium:13.2%;--awb-width-small:100%;--awb-order-small:0;--awb-spacing-right-small:2em;--awb-spacing-left-small:5.28%;\" data-scroll-devices=\"small-visibility,medium-visibility,large-visibility\"><div class=\"fusion-column-wrapper fusion-column-has-shadow fusion-flex-justify-content-flex-start fusion-content-layout-column\"><div class=\"fusion-image-element \" style=\"--awb-caption-title-font-family:var(--h2_typography-font-family);--awb-caption-title-font-weight:var(--h2_typography-font-weight);--awb-caption-title-font-style:var(--h2_typography-font-style);--awb-caption-title-size:var(--h2_typography-font-size);--awb-caption-title-transform:var(--h2_typography-text-transform);--awb-caption-title-line-height:var(--h2_typography-line-height);--awb-caption-title-letter-spacing:var(--h2_typography-letter-spacing);\"><span class=\" fusion-imageframe imageframe-none imageframe-1 hover-type-none\"><img decoding=\"async\" width=\"1024\" height=\"768\" title=\"435913979_248946561613745_9079371766979270412_n\" src=\"http:\/\/www.oommbo.org\/wp-content\/uploads\/2025\/01\/435913979_248946561613745_9079371766979270412_n-1024x768.jpg\" alt class=\"img-responsive wp-image-1556\" srcset=\"http:\/\/www.oommbo.org\/wp-content\/uploads\/2025\/01\/435913979_248946561613745_9079371766979270412_n-200x150.jpg 200w, http:\/\/www.oommbo.org\/wp-content\/uploads\/2025\/01\/435913979_248946561613745_9079371766979270412_n-400x300.jpg 400w, http:\/\/www.oommbo.org\/wp-content\/uploads\/2025\/01\/435913979_248946561613745_9079371766979270412_n-600x450.jpg 600w, http:\/\/www.oommbo.org\/wp-content\/uploads\/2025\/01\/435913979_248946561613745_9079371766979270412_n-800x600.jpg 800w, http:\/\/www.oommbo.org\/wp-content\/uploads\/2025\/01\/435913979_248946561613745_9079371766979270412_n-1200x900.jpg 1200w\" sizes=\"(max-width: 640px) 100vw, 400px\" \/><\/span><\/div><\/div><\/div><\/div><\/div><div class=\"fusion-fullwidth fullwidth-box fusion-builder-row-5 fusion-flex-container has-pattern-background has-mask-background duotone-third nonhundred-percent-fullwidth non-hundred-percent-height-scrolling\" style=\"--awb-border-radius-top-left:0px;--awb-border-radius-top-right:0px;--awb-border-radius-bottom-right:0px;--awb-border-radius-bottom-left:0px;--awb-padding-right-small:0px;--awb-padding-bottom-small:0px;--awb-padding-left-small:0px;--awb-flex-wrap:wrap;\" id=\"volunteering\" ><div class=\"fusion-builder-row fusion-row fusion-flex-align-items-flex-start fusion-flex-content-wrap\" style=\"max-width:1440px;margin-left: calc(-20% \/ 2 );margin-right: calc(-20% \/ 2 );\"><div class=\"fusion-layout-column fusion_builder_column fusion-builder-column-7 fusion_builder_column_2_3 2_3 fusion-flex-column\" style=\"--awb-padding-top-small:2em;--awb-padding-right-small:30px;--awb-padding-bottom-small:2em;--awb-padding-left-small:30px;--awb-bg-color-small:var(--awb-color5);--awb-bg-color-small-hover:var(--awb-color5);--awb-bg-size:cover;--awb-width-large:66.666666666667%;--awb-margin-top-large:0px;--awb-spacing-right-large:12%;--awb-margin-bottom-large:0px;--awb-spacing-left-large:12%;--awb-width-medium:66.666666666667%;--awb-order-medium:0;--awb-spacing-right-medium:12%;--awb-spacing-left-medium:12%;--awb-width-small:100%;--awb-order-small:0;--awb-spacing-right-small:8%;--awb-margin-bottom-small:10px;--awb-spacing-left-small:8%;\" data-scroll-devices=\"small-visibility,medium-visibility,large-visibility\"><div class=\"fusion-column-wrapper fusion-column-has-shadow fusion-flex-justify-content-flex-start fusion-content-layout-column\"><div class=\"fusion-title title fusion-title-4 fusion-sep-none fusion-title-text fusion-title-size-three\"><h3 class=\"fusion-title-heading title-heading-left fusion-responsive-typography-calculated\" style=\"margin:0;--fontSize:35;line-height:var(--awb-typography1-line-height);\">B\u00e9n\u00e9volat<\/h3><\/div><div class=\"fusion-text fusion-text-4\"><p>Le b\u00e9n\u00e9volat \u00e0 l&rsquo;Observatoire d&rsquo;Oiseaux de McGill est un excellent moyen de s&rsquo;impliquer dans la recherche et la conservation des oiseaux. Aucune exp\u00e9rience pr\u00e9alable n&rsquo;est requise, seulement de l&rsquo;enthousiasme ! Notre personnel vous fournira la formation n\u00e9cessaire.<\/p>\n<p>Les r\u00f4les et responsabilit\u00e9s varient en fonction de l&rsquo;exp\u00e9rience, des comp\u00e9tences et des besoins de l&rsquo;observatoire. Bien que notre priorit\u00e9 soit d&rsquo;assurer le bon d\u00e9roulement de nos programmes, nous proposons \u00e9galement des formations aux b\u00e9n\u00e9voles int\u00e9ress\u00e9s par un engagement \u00e0 long terme.<\/p>\n<p>Rejoignez-nous et participez \u00e0 l&rsquo;effort de surveillance et de protection des oiseaux migrateurs !<\/p>\n<\/div><div ><a class=\"fusion-button button-flat fusion-button-default-size button-default fusion-button-default button-3 fusion-button-default-span fusion-button-default-type\" target=\"_self\" href=\"http:\/\/www.oommbo.org\/fr\/comment-aider\/le-benevolat\/\"><span class=\"fusion-button-text awb-button__text awb-button__text--default\">Appliquez d\u00e8s Maintenant<\/span><\/a><\/div><\/div><\/div><div class=\"fusion-layout-column fusion_builder_column fusion-builder-column-8 fusion_builder_column_1_3 1_3 fusion-flex-column\" style=\"--awb-padding-top-small:2em;--awb-padding-right-small:30px;--awb-padding-bottom-small:2em;--awb-padding-left-small:30px;--awb-bg-color-small:var(--awb-color6);--awb-bg-color-small-hover:var(--awb-color6);--awb-bg-size:cover;--awb-width-large:33.333333333333%;--awb-margin-top-large:0px;--awb-spacing-right-large:24%;--awb-margin-bottom-large:0px;--awb-spacing-left-large:24%;--awb-width-medium:33.333333333333%;--awb-order-medium:0;--awb-spacing-right-medium:24%;--awb-spacing-left-medium:24%;--awb-width-small:100%;--awb-order-small:0;--awb-spacing-right-small:8%;--awb-spacing-left-small:8%;\" data-scroll-devices=\"small-visibility,medium-visibility,large-visibility\"><div class=\"fusion-column-wrapper fusion-column-has-shadow fusion-flex-justify-content-flex-start fusion-content-layout-column\"><div class=\"fusion-title title fusion-title-5 fusion-sep-none fusion-title-text fusion-title-size-three\" style=\"--awb-text-color:var(--awb-color1);\"><h3 class=\"fusion-title-heading title-heading-left fusion-responsive-typography-calculated\" style=\"margin:0;--fontSize:35;line-height:var(--awb-typography1-line-height);\">Positions Disponibles<\/h3><\/div><div class=\"fusion-text fusion-text-5\" style=\"--awb-text-color:var(--awb-color1);\"><p><strong>Tous les postes sont actuellement pourvus.\u00a0<\/strong><\/p>\n<p><strong>Revenez nous voir prochainement pour d\u00e9couvrir de nouvelles opportunit\u00e9s !<\/strong><\/p>\n<\/div><\/div><\/div><\/div><\/div><\/p>\n","protected":false},"excerpt":{"rendered":"","protected":false},"author":1,"featured_media":0,"parent":0,"menu_order":0,"comment_status":"closed","ping_status":"closed","template":"100-width.php","meta":{"_acf_changed":false,"footnotes":""},"class_list":["post-2632","page","type-page","status-publish","hentry"],"acf":[],"_links":{"self":[{"href":"https:\/\/www.oommbo.org\/fr\/wp-json\/wp\/v2\/pages\/2632","targetHints":{"allow":["GET"]}}],"collection":[{"href":"https:\/\/www.oommbo.org\/fr\/wp-json\/wp\/v2\/pages"}],"about":[{"href":"https:\/\/www.oommbo.org\/fr\/wp-json\/wp\/v2\/types\/page"}],"author":[{"embeddable":true,"href":"https:\/\/www.oommbo.org\/fr\/wp-json\/wp\/v2\/users\/1"}],"replies":[{"embeddable":true,"href":"https:\/\/www.oommbo.org\/fr\/wp-json\/wp\/v2\/comments?post=2632"}],"version-history":[{"count":0,"href":"https:\/\/www.oommbo.org\/fr\/wp-json\/wp\/v2\/pages\/2632\/revisions"}],"wp:attachment":[{"href":"https:\/\/www.oommbo.org\/fr\/wp-json\/wp\/v2\/media?parent=2632"}],"curies":[{"name":"wp","href":"https:\/\/api.w.org\/{rel}","templated":true}]}}